{"id":2,"date":"2016-06-13T13:36:04","date_gmt":"2016-06-13T11:36:04","guid":{"rendered":""},"modified":"2026-03-31T18:27:58","modified_gmt":"2026-03-31T16:27:58","slug":"effektives-arbeiten-im-muehlviertel","status":"publish","type":"page","link":"https:\/\/www.blueline.at\/buero4tel\/","title":{"rendered":"Effektives Arbeiten im M\u00fchlviertel"},"content":{"rendered":"<div id=\"dslc-theme-content\"><div id=\"dslc-theme-content-inner\"><p>Herzlich willkommen im buero4tel in St.Veit im M\u00fchlkreis.<\/p>\n<!-- Final Tiles Grid Gallery for WordPress v3.6.13 free --><style>#ftg-1111 .tile .icon { color:#ffffff; }#ftg-1111 .ftg-items .loading-bar i { background:#fff; }#ftg-1111 .ftg-items .loading-bar { background:#fff; }#ftg-1111 .tile .icon { font-size:12px; }#ftg-1111 .tile .icon { margin: -6px 0 0 -6px; }#ftg-1111 .tile .caption-block .text-wrapper span.text { font-size:12px; }#ftg-1111 .tile .caption-outside .text-wrapper span.text { font-size:12px; }#ftg-1111 .tile .caption-block .text-wrapper span.title { font-size:14px; }#ftg-1111 .tile .caption-outside .text-wrapper span.title { font-size:14px; }#ftg-1111 .tile { background-color: transparent; }#ftg-1111 .tile .caption-block .text-wrapper span.text { color: #ffffff; }#ftg-1111 .tile .caption-block .text-wrapper span.title { color: #ffffff; }#ftg-1111 .tile .caption-outside .text-wrapper span.text { color: #ffffff; }#ftg-1111 .tile .caption-outside .text-wrapper span.title { color: #ffffff; }#ftg-1111 .tile .ftg-social a { color: #ffffff; }#ftg-1111 .tile .caption-block { transition-duration:0.25s; }#ftg-1111 .tile .tile-inner:before { background-color: #000000; }#ftg-1111 .tile .tile-inner:before { background-color: rgba(0, 0, 0, 0.8); }#ftg-1111 .tile:hover img {-moz-transform: ;-webkit-transform: ;-o-transform: ;-ms-transform: ;transform: ;}#ftg-1111 .tile .icon {-moz-transition: all .5s;-webkit-transition: all .5s;-o-transition: all .5s;-ms-transition: all .5s;transition: all .5s;}#ftg-1111 .tile:hover .icon {-moz-transform: rotate(360deg);-webkit-transform: rotate(360deg);-o-transform: rotate(360deg);-ms-transform: rotate(360deg);transform: rotate(360deg);}<\/style><a name=\"11\"><\/a><div class=\"final-tiles-gallery  ftg-hover-enabled caption-inside  caption-none caption-middle caption-center\" id=\"ftg-1111\" style=\"width: 100%\"><div class='ftg-items'><div class='loading-bar'><i><\/i><\/div><div  class='tile ftg-preload  '><a title=\"\" data-lightbox='ftg-1111' rel='ftg-1111'  class=' tile-inner  ftg-lightbox' href='https:\/\/www.blueline.at\/buero4tel\/wp-content\/uploads\/2016\/11\/Aussenansicht-5.jpg' ><img alt='' class='item skip-lazy' data-class='item' data-ftg-source='http:\/\/www.blueline.at\/buero4tel\/wp-content\/uploads\/2016\/11\/Aussenansicht-5.jpg' src='http:\/\/www.blueline.at\/buero4tel\/wp-content\/uploads\/2016\/11\/Aussenansicht-5.jpg' width='800' height='533' \/><\/a><div class='ftg-social'><\/div><\/div><div  class='tile ftg-preload  '><a title=\"\" data-lightbox='ftg-1111' rel='ftg-1111'  class=' tile-inner  ftg-lightbox' href='https:\/\/www.blueline.at\/buero4tel\/wp-content\/uploads\/2016\/11\/Buero4tel-Gang-1-6.jpg' ><img alt='' class='item skip-lazy' data-class='item' data-ftg-source='http:\/\/www.blueline.at\/buero4tel\/wp-content\/uploads\/2016\/11\/Buero4tel-Gang-1-6.jpg' src='http:\/\/www.blueline.at\/buero4tel\/wp-content\/uploads\/2016\/11\/Buero4tel-Gang-1-6.jpg' width='800' height='533' \/><\/a><div class='ftg-social'><\/div><\/div><div  class='tile ftg-preload  '><a title=\"\" data-lightbox='ftg-1111' rel='ftg-1111'  class=' tile-inner  ftg-lightbox' href='https:\/\/www.blueline.at\/buero4tel\/wp-content\/uploads\/2016\/11\/Buero4tel-Gang-1-12.jpg' ><img alt='' class='item skip-lazy' data-class='item' data-ftg-source='http:\/\/www.blueline.at\/buero4tel\/wp-content\/uploads\/2016\/11\/Buero4tel-Gang-1-12.jpg' src='http:\/\/www.blueline.at\/buero4tel\/wp-content\/uploads\/2016\/11\/Buero4tel-Gang-1-12.jpg' width='800' height='533' \/><\/a><div class='ftg-social'><\/div><\/div><div  class='tile ftg-preload  '><a title=\"\" data-lightbox='ftg-1111' rel='ftg-1111'  class=' tile-inner  ftg-lightbox' href='https:\/\/www.blueline.at\/buero4tel\/wp-content\/uploads\/2016\/11\/Buero4tel-Gang-1-10.jpg' ><img alt='' class='item skip-lazy' data-class='item' data-ftg-source='http:\/\/www.blueline.at\/buero4tel\/wp-content\/uploads\/2016\/11\/Buero4tel-Gang-1-10.jpg' src='http:\/\/www.blueline.at\/buero4tel\/wp-content\/uploads\/2016\/11\/Buero4tel-Gang-1-10.jpg' width='533' height='800' \/><\/a><div class='ftg-social'><\/div><\/div><div  class='tile ftg-preload  '><a title=\"\" data-lightbox='ftg-1111' rel='ftg-1111'  class=' tile-inner  ftg-lightbox' href='https:\/\/www.blueline.at\/buero4tel\/wp-content\/uploads\/2016\/11\/Buero4tel-Gang-1-11.jpg' ><img alt='' class='item skip-lazy' data-class='item' data-ftg-source='http:\/\/www.blueline.at\/buero4tel\/wp-content\/uploads\/2016\/11\/Buero4tel-Gang-1-11.jpg' src='http:\/\/www.blueline.at\/buero4tel\/wp-content\/uploads\/2016\/11\/Buero4tel-Gang-1-11.jpg' width='800' height='533' \/><\/a><div class='ftg-social'><\/div><\/div><div  class='tile ftg-preload  '><a title=\"\" data-lightbox='ftg-1111' rel='ftg-1111'  class=' tile-inner  ftg-lightbox' href='https:\/\/www.blueline.at\/buero4tel\/wp-content\/uploads\/2016\/11\/Buero4tel-Gang-2-4.jpg' ><img alt='' class='item skip-lazy' data-class='item' data-ftg-source='http:\/\/www.blueline.at\/buero4tel\/wp-content\/uploads\/2016\/11\/Buero4tel-Gang-2-4.jpg' src='http:\/\/www.blueline.at\/buero4tel\/wp-content\/uploads\/2016\/11\/Buero4tel-Gang-2-4.jpg' width='800' height='533' \/><\/a><div class='ftg-social'><\/div><\/div><div  class='tile ftg-preload  '><a title=\"\" data-lightbox='ftg-1111' rel='ftg-1111'  class=' tile-inner  ftg-lightbox' href='https:\/\/www.blueline.at\/buero4tel\/wp-content\/uploads\/2016\/11\/Detail-Aufnahme-3.jpg' ><img alt='' class='item skip-lazy' data-class='item' data-ftg-source='http:\/\/www.blueline.at\/buero4tel\/wp-content\/uploads\/2016\/11\/Detail-Aufnahme-3.jpg' src='http:\/\/www.blueline.at\/buero4tel\/wp-content\/uploads\/2016\/11\/Detail-Aufnahme-3.jpg' width='800' height='533' \/><\/a><div class='ftg-social'><\/div><\/div><div  class='tile ftg-preload  '><a title=\"\" data-lightbox='ftg-1111' rel='ftg-1111'  class=' tile-inner  ftg-lightbox' href='https:\/\/www.blueline.at\/buero4tel\/wp-content\/uploads\/2016\/11\/Detail-Aufnahme-2.jpg' ><img alt='' class='item skip-lazy' data-class='item' data-ftg-source='http:\/\/www.blueline.at\/buero4tel\/wp-content\/uploads\/2016\/11\/Detail-Aufnahme-2.jpg' src='http:\/\/www.blueline.at\/buero4tel\/wp-content\/uploads\/2016\/11\/Detail-Aufnahme-2.jpg' width='800' height='533' \/><\/a><div class='ftg-social'><\/div><\/div><div  class='tile ftg-preload  '><a title=\"\" data-lightbox='ftg-1111' rel='ftg-1111'  class=' tile-inner  ftg-lightbox' href='https:\/\/www.blueline.at\/buero4tel\/wp-content\/uploads\/2016\/11\/Detail-Aufnahme-5.jpg' ><img alt='' class='item skip-lazy' data-class='item' data-ftg-source='http:\/\/www.blueline.at\/buero4tel\/wp-content\/uploads\/2016\/11\/Detail-Aufnahme-5.jpg' src='http:\/\/www.blueline.at\/buero4tel\/wp-content\/uploads\/2016\/11\/Detail-Aufnahme-5.jpg' width='533' height='800' \/><\/a><div class='ftg-social'><\/div><\/div><div  class='tile ftg-preload  '><a title=\"\" data-lightbox='ftg-1111' rel='ftg-1111'  class=' tile-inner  ftg-lightbox' href='https:\/\/www.blueline.at\/buero4tel\/wp-content\/uploads\/2016\/11\/Buero4tel-Gang-1-13.jpg' ><img alt='' class='item skip-lazy' data-class='item' data-ftg-source='http:\/\/www.blueline.at\/buero4tel\/wp-content\/uploads\/2016\/11\/Buero4tel-Gang-1-13.jpg' src='http:\/\/www.blueline.at\/buero4tel\/wp-content\/uploads\/2016\/11\/Buero4tel-Gang-1-13.jpg' width='533' height='800' \/><\/a><div class='ftg-social'><\/div><\/div><div  class='tile ftg-preload  '><a title=\"\" data-lightbox='ftg-1111' rel='ftg-1111'  class=' tile-inner  ftg-lightbox' href='https:\/\/www.blueline.at\/buero4tel\/wp-content\/uploads\/2016\/11\/Buero4tel-Gang-2-3.jpg' ><img alt='' class='item skip-lazy' data-class='item' data-ftg-source='http:\/\/www.blueline.at\/buero4tel\/wp-content\/uploads\/2016\/11\/Buero4tel-Gang-2-3.jpg' src='http:\/\/www.blueline.at\/buero4tel\/wp-content\/uploads\/2016\/11\/Buero4tel-Gang-2-3.jpg' width='533' height='800' \/><\/a><div class='ftg-social'><\/div><\/div><div  class='tile ftg-preload  '><a title=\"\" data-lightbox='ftg-1111' rel='ftg-1111'  class=' tile-inner  ftg-lightbox' href='https:\/\/www.blueline.at\/buero4tel\/wp-content\/uploads\/2016\/11\/Detail-Aufnahme-6.jpg' ><img alt='' class='item skip-lazy' data-class='item' data-ftg-source='http:\/\/www.blueline.at\/buero4tel\/wp-content\/uploads\/2016\/11\/Detail-Aufnahme-6.jpg' src='http:\/\/www.blueline.at\/buero4tel\/wp-content\/uploads\/2016\/11\/Detail-Aufnahme-6.jpg' width='800' height='533' \/><\/a><div class='ftg-social'><\/div><\/div><div  class='tile ftg-preload  '><a title=\"\" data-lightbox='ftg-1111' rel='ftg-1111'  class=' tile-inner  ftg-lightbox' href='https:\/\/www.blueline.at\/buero4tel\/wp-content\/uploads\/2016\/11\/Buero4tel-Gang-1-4.jpg' ><img alt='' class='item skip-lazy' data-class='item' data-ftg-source='http:\/\/www.blueline.at\/buero4tel\/wp-content\/uploads\/2016\/11\/Buero4tel-Gang-1-4.jpg' src='http:\/\/www.blueline.at\/buero4tel\/wp-content\/uploads\/2016\/11\/Buero4tel-Gang-1-4.jpg' width='800' height='533' \/><\/a><div class='ftg-social'><\/div><\/div><div  class='tile ftg-preload  '><a title=\"\" data-lightbox='ftg-1111' rel='ftg-1111'  class=' tile-inner  ftg-lightbox' href='https:\/\/www.blueline.at\/buero4tel\/wp-content\/uploads\/2016\/11\/Buero4tel-Gang-2-6.jpg' ><img alt='' class='item skip-lazy' data-class='item' data-ftg-source='http:\/\/www.blueline.at\/buero4tel\/wp-content\/uploads\/2016\/11\/Buero4tel-Gang-2-6.jpg' src='http:\/\/www.blueline.at\/buero4tel\/wp-content\/uploads\/2016\/11\/Buero4tel-Gang-2-6.jpg' width='533' height='800' \/><\/a><div class='ftg-social'><\/div><\/div><div  class='tile ftg-preload  '><a title=\"\" data-lightbox='ftg-1111' rel='ftg-1111'  class=' tile-inner  ftg-lightbox' href='https:\/\/www.blueline.at\/buero4tel\/wp-content\/uploads\/2016\/11\/Buero4tel-Gang-2-1.jpg' ><img alt='' class='item skip-lazy' data-class='item' data-ftg-source='http:\/\/www.blueline.at\/buero4tel\/wp-content\/uploads\/2016\/11\/Buero4tel-Gang-2-1.jpg' src='http:\/\/www.blueline.at\/buero4tel\/wp-content\/uploads\/2016\/11\/Buero4tel-Gang-2-1.jpg' width='533' height='800' \/><\/a><div class='ftg-social'><\/div><\/div><div  class='tile ftg-preload  '><a title=\"\" data-lightbox='ftg-1111' rel='ftg-1111'  class=' tile-inner  ftg-lightbox' href='https:\/\/www.blueline.at\/buero4tel\/wp-content\/uploads\/2016\/11\/Buero4tel-Gang-2-5.jpg' ><img alt='' class='item skip-lazy' data-class='item' data-ftg-source='http:\/\/www.blueline.at\/buero4tel\/wp-content\/uploads\/2016\/11\/Buero4tel-Gang-2-5.jpg' src='http:\/\/www.blueline.at\/buero4tel\/wp-content\/uploads\/2016\/11\/Buero4tel-Gang-2-5.jpg' width='533' height='800' \/><\/a><div class='ftg-social'><\/div><\/div><div  class='tile ftg-preload  '><a title=\"\" data-lightbox='ftg-1111' rel='ftg-1111'  class=' tile-inner  ftg-lightbox' href='https:\/\/www.blueline.at\/buero4tel\/wp-content\/uploads\/2016\/11\/WC-2.jpg' ><img alt='' class='item skip-lazy' data-class='item' data-ftg-source='http:\/\/www.blueline.at\/buero4tel\/wp-content\/uploads\/2016\/11\/WC-2.jpg' src='http:\/\/www.blueline.at\/buero4tel\/wp-content\/uploads\/2016\/11\/WC-2.jpg' width='533' height='800' \/><\/a><div class='ftg-social'><\/div><\/div><div  class='tile ftg-preload  '><a title=\"\" data-lightbox='ftg-1111' rel='ftg-1111'  class=' tile-inner  ftg-lightbox' href='https:\/\/www.blueline.at\/buero4tel\/wp-content\/uploads\/2016\/11\/WC-3.jpg' ><img alt='' class='item skip-lazy' data-class='item' data-ftg-source='http:\/\/www.blueline.at\/buero4tel\/wp-content\/uploads\/2016\/11\/WC-3.jpg' src='http:\/\/www.blueline.at\/buero4tel\/wp-content\/uploads\/2016\/11\/WC-3.jpg' width='533' height='800' \/><\/a><div class='ftg-social'><\/div><\/div><div  class='tile ftg-preload  '><a title=\"\" data-lightbox='ftg-1111' rel='ftg-1111'  class=' tile-inner  ftg-lightbox' href='https:\/\/www.blueline.at\/buero4tel\/wp-content\/uploads\/2016\/11\/Aussenansicht-14.jpg' ><img alt='' class='item skip-lazy' data-class='item' data-ftg-source='http:\/\/www.blueline.at\/buero4tel\/wp-content\/uploads\/2016\/11\/Aussenansicht-14.jpg' src='http:\/\/www.blueline.at\/buero4tel\/wp-content\/uploads\/2016\/11\/Aussenansicht-14.jpg' width='800' height='533' \/><\/a><div class='ftg-social'><\/div><\/div><div  class='tile ftg-preload  '><a title=\"\" data-lightbox='ftg-1111' rel='ftg-1111'  class=' tile-inner  ftg-lightbox' href='https:\/\/www.blueline.at\/buero4tel\/wp-content\/uploads\/2016\/11\/Aussenansicht-3.jpg' ><img alt='' class='item skip-lazy' data-class='item' data-ftg-source='http:\/\/www.blueline.at\/buero4tel\/wp-content\/uploads\/2016\/11\/Aussenansicht-3.jpg' src='http:\/\/www.blueline.at\/buero4tel\/wp-content\/uploads\/2016\/11\/Aussenansicht-3.jpg' width='800' height='533' \/><\/a><div class='ftg-social'><\/div><\/div><\/div><\/div>\n<h2>Das B\u00fcro4tel ist die 1. Adresse f\u00fcr Firmen, Gr\u00fcnder und Jungunternehmer im Herzen des M\u00fchlviertels.<\/h2>\n<ul>\n<li>200Mbit Internet<\/li>\n<li>Besprechungsraum mit Pr\u00e4sentationsm\u00f6glichkeit<\/li>\n<li>strukturierte Cat 6 Verkabelung 1 Gbit\/s<\/li>\n<li>Technikraum kann vom Mieter f\u00fcr eigene Hardware genutzt werden<\/li>\n<li>Energie Informationen f\u00fcr Mieter: <a href=\"https:\/\/www.blueline.at\/buero4tel\/wp-content\/uploads\/2016\/06\/EAW_Fertigstellung_Buero4tel.pdf\" target=\"_blank\" rel=\"noopener noreferrer\">Energie Ausweis<\/a>\n<div class=\"contact-data\"><\/div>\n<\/li>\n<\/ul>\n<h2>Inkludierte Leistungen<\/h2>\n<ul>\n<li>Aufenthaltsraum<\/li>\n<li>Besprechungsraum<\/li>\n<li>Internet<\/li>\n<li>Gemeinschaftsk\u00fcche<\/li>\n<\/ul>\n<h2>B\u00dcROs in verschiedenen Gr\u00f6\u00dfen:<\/h2>\n<ul>\n<li><a href=\"https:\/\/www.blueline.at\/buero4tel\/bueros\/buero-1-echt\/\">Buero 1 (12 m\u00b2) <\/a><a href=\"https:\/\/www.blueline.at\/buero4tel\/bueros\/buero-5\/\"> &gt;&gt;&gt;FREI!&lt;&lt;&lt;<\/a><\/li>\n<li><a href=\"https:\/\/www.blueline.at\/buero4tel\/bueros\/buero-2\/\">Buero 2 (37 m\u00b2) <\/a><a href=\"https:\/\/www.blueline.at\/buero4tel\/bueros\/buero-5\/\"> &gt;&gt;&gt;FREI!&lt;&lt;&lt;<\/a><\/li>\n<li><a href=\"https:\/\/www.blueline.at\/buero4tel\/bueros\/buero-3\/\">Buero 3 (11 m\u00b2)<\/a><\/li>\n<li><a href=\"https:\/\/www.blueline.at\/buero4tel\/bueros\/buero-4\/\">Buero 4 (12 m\u00b2)<\/a><\/li>\n<li><a href=\"https:\/\/www.blueline.at\/buero4tel\/bueros\/buero-5\/\">Buero 5 (30 m\u00b2) &gt;&gt;&gt;FREI!&lt;&lt;&lt;<\/a><\/li>\n<li><a href=\"https:\/\/www.blueline.at\/buero4tel\/bueros\/buero-6\/\">Buero 6 (101 m\u00b2)<\/a><\/li>\n<\/ul>\n<div class=\"contact-data\"><\/div>\n<div class=\"contact-data\"><\/div>\n<div class=\"contact-data\"><\/div>\n<div class=\"contact-data\"><\/div>\n<div class=\"contact-data\"><\/div>\n<div class=\"contact-data\"><\/div>\n<h2>IMPRESSUM<\/h2>\n<div class=\"entry-content\">\n<p>Informationspflicht lt. \u00a75 E-Commerce Gesetz, \u00a714 Unternehmensgesetzbuch bzw. \u00a763 Gewerbeordnung und Offenlegungspflicht lt. \u00a725 Mediengesetz<\/p>\n<p>F\u00fcr den Inhalt verantwortlich:<\/p>\n<p>BLUELINE COMPUTER<br \/>\nInhaber Philip Holly<br \/>\nRingstra\u00dfe 33<br \/>\n4173 St. Veit im M\u00fchlkreis<\/p>\n<p>Handy: +43 (0)699 \/ 113 24 1 24<br \/>\nEmail: <a href=\"mailto:holly@blueline.at\">holly@blueline.at<\/a><br \/>\nHomepage: <a href=\"http:\/\/www.blueline.at\" target=\"_blank\" rel=\"noopener noreferrer\">www.blueline.at<\/a><\/p>\n<h2>RECHTLICHES<\/h2>\n<p>Gesch\u00e4ftsform: Einzelunternehmen<br \/>\nAufsichtsbeh\u00f6rde: Bezirkshauptmannschaft Rohrbach<br \/>\nKammer: Wirtschaftskammer Ober\u00f6sterreich<br \/>\nUnternehmensgegenstand: Dienstleistung in der automatischen Datenverarbeitung und Informationstechnik<\/p>\n<h2>BANKVERBINDUNG<\/h2>\n<p>Rabia Region Neufelden<br \/>\nBLZ: 34300<br \/>\nKontonummer: 112 5343<br \/>\nIBAN: <u>AT26 3430 0000 0112 5343<\/u><\/p>\n<h2>GESTALTUNG &amp; DESIGN<\/h2>\n<p>Konzept &amp; Gestaltung: Teresa Atzm\u00fcller<strong><br \/>\n<\/strong><\/p>\n<p><strong>Bildmaterial:<\/strong><br \/>\nPhilip Holly, Pixabay.com, Teresa Atzm\u00fcller<\/p>\n<\/div>\n<\/div><\/div>","protected":false},"excerpt":{"rendered":"<p>Herzlich willkommen im buero4tel in St.Veit im M\u00fchlkreis. Das B\u00fcro4tel ist die 1. Adresse f\u00fcr Firmen, Gr\u00fcnder und Jungunternehmer im Herzen des M\u00fchlviertels. 200Mbit Internet Besprechungsraum mit Pr\u00e4sentationsm\u00f6glichkeit strukturierte Cat&nbsp;[&hellip;]<\/p>\n","protected":false},"author":1,"featured_media":0,"parent":0,"menu_order":1,"comment_status":"closed","ping_status":"closed","template":"","meta":{"footnotes":""},"class_list":["post-2","page","type-page","status-publish","hentry","clearfix"],"yoast_head":"<!-- This site is optimized with the Yoast SEO plugin v27.3 - https:\/\/yoast.com\/product\/yoast-seo-wordpress\/ -->\n<title>Effektives Arbeiten im M\u00fchlviertel - Buero4tel<\/title>\n<meta name=\"description\" content=\"Entdecken Sie das buero4tel - die 1. Adresse f\u00fcr Unternehmer im M\u00fchlviertel! Moderne B\u00fcros, Besprechungsraum, High-Speed-Internet, Gemeinschaftsk\u00fcche, uvm!\" \/>\n<meta name=\"robots\" content=\"index, follow, max-snippet:-1, max-image-preview:large, max-video-preview:-1\" \/>\n<link rel=\"canonical\" href=\"https:\/\/www.blueline.at\/buero4tel\/\" \/>\n<meta property=\"og:locale\" content=\"de_DE\" \/>\n<meta property=\"og:type\" content=\"article\" \/>\n<meta property=\"og:title\" content=\"Effektives Arbeiten im M\u00fchlviertel - Buero4tel\" \/>\n<meta property=\"og:description\" content=\"Entdecken Sie das buero4tel - die 1. Adresse f\u00fcr Unternehmer im M\u00fchlviertel! Moderne B\u00fcros, Besprechungsraum, High-Speed-Internet, Gemeinschaftsk\u00fcche, uvm!\" \/>\n<meta property=\"og:url\" content=\"https:\/\/www.blueline.at\/buero4tel\/\" \/>\n<meta property=\"og:site_name\" content=\"Buero4tel\" \/>\n<meta property=\"article:modified_time\" content=\"2026-03-31T16:27:58+00:00\" \/>\n<meta name=\"twitter:card\" content=\"summary_large_image\" \/>\n<meta name=\"twitter:label1\" content=\"Gesch\u00e4tzte Lesezeit\" \/>\n\t<meta name=\"twitter:data1\" content=\"1\u00a0Minute\" \/>\n<script type=\"application\/ld+json\" class=\"yoast-schema-graph\">{\"@context\":\"https:\\\/\\\/schema.org\",\"@graph\":[{\"@type\":\"WebPage\",\"@id\":\"https:\\\/\\\/www.blueline.at\\\/buero4tel\\\/\",\"url\":\"https:\\\/\\\/www.blueline.at\\\/buero4tel\\\/\",\"name\":\"Effektives Arbeiten im M\u00fchlviertel - Buero4tel\",\"isPartOf\":{\"@id\":\"https:\\\/\\\/www.blueline.at\\\/buero4tel\\\/#website\"},\"datePublished\":\"2016-06-13T11:36:04+00:00\",\"dateModified\":\"2026-03-31T16:27:58+00:00\",\"description\":\"Entdecken Sie das buero4tel - die 1. Adresse f\u00fcr Unternehmer im M\u00fchlviertel! Moderne B\u00fcros, Besprechungsraum, High-Speed-Internet, Gemeinschaftsk\u00fcche, uvm!\",\"breadcrumb\":{\"@id\":\"https:\\\/\\\/www.blueline.at\\\/buero4tel\\\/#breadcrumb\"},\"inLanguage\":\"de\",\"potentialAction\":[{\"@type\":\"ReadAction\",\"target\":[\"https:\\\/\\\/www.blueline.at\\\/buero4tel\\\/\"]}]},{\"@type\":\"BreadcrumbList\",\"@id\":\"https:\\\/\\\/www.blueline.at\\\/buero4tel\\\/#breadcrumb\",\"itemListElement\":[{\"@type\":\"ListItem\",\"position\":1,\"name\":\"Startseite\",\"item\":\"https:\\\/\\\/www.blueline.at\\\/buero4tel\\\/\"},{\"@type\":\"ListItem\",\"position\":2,\"name\":\"Effektives Arbeiten im M\u00fchlviertel\"}]},{\"@type\":\"WebSite\",\"@id\":\"https:\\\/\\\/www.blueline.at\\\/buero4tel\\\/#website\",\"url\":\"https:\\\/\\\/www.blueline.at\\\/buero4tel\\\/\",\"name\":\"Buero4tel\",\"description\":\"Moderne B\u00fcros im M\u00fchlviertel\",\"publisher\":{\"@id\":\"https:\\\/\\\/www.blueline.at\\\/buero4tel\\\/#organization\"},\"potentialAction\":[{\"@type\":\"SearchAction\",\"target\":{\"@type\":\"EntryPoint\",\"urlTemplate\":\"https:\\\/\\\/www.blueline.at\\\/buero4tel\\\/?s={search_term_string}\"},\"query-input\":{\"@type\":\"PropertyValueSpecification\",\"valueRequired\":true,\"valueName\":\"search_term_string\"}}],\"inLanguage\":\"de\"},{\"@type\":\"Organization\",\"@id\":\"https:\\\/\\\/www.blueline.at\\\/buero4tel\\\/#organization\",\"name\":\"Buero4tel\",\"url\":\"https:\\\/\\\/www.blueline.at\\\/buero4tel\\\/\",\"logo\":{\"@type\":\"ImageObject\",\"inLanguage\":\"de\",\"@id\":\"https:\\\/\\\/www.blueline.at\\\/buero4tel\\\/#\\\/schema\\\/logo\\\/image\\\/\",\"url\":\"https:\\\/\\\/www.blueline.at\\\/buero4tel\\\/wp-content\\\/uploads\\\/2016\\\/06\\\/cropped-buero4tel-logo-1.png\",\"contentUrl\":\"https:\\\/\\\/www.blueline.at\\\/buero4tel\\\/wp-content\\\/uploads\\\/2016\\\/06\\\/cropped-buero4tel-logo-1.png\",\"width\":400,\"height\":112,\"caption\":\"Buero4tel\"},\"image\":{\"@id\":\"https:\\\/\\\/www.blueline.at\\\/buero4tel\\\/#\\\/schema\\\/logo\\\/image\\\/\"}}]}<\/script>\n<!-- \/ Yoast SEO plugin. -->","yoast_head_json":{"title":"Effektives Arbeiten im M\u00fchlviertel - Buero4tel","description":"Entdecken Sie das buero4tel - die 1. Adresse f\u00fcr Unternehmer im M\u00fchlviertel! Moderne B\u00fcros, Besprechungsraum, High-Speed-Internet, Gemeinschaftsk\u00fcche, uvm!","robots":{"index":"index","follow":"follow","max-snippet":"max-snippet:-1","max-image-preview":"max-image-preview:large","max-video-preview":"max-video-preview:-1"},"canonical":"https:\/\/www.blueline.at\/buero4tel\/","og_locale":"de_DE","og_type":"article","og_title":"Effektives Arbeiten im M\u00fchlviertel - Buero4tel","og_description":"Entdecken Sie das buero4tel - die 1. Adresse f\u00fcr Unternehmer im M\u00fchlviertel! Moderne B\u00fcros, Besprechungsraum, High-Speed-Internet, Gemeinschaftsk\u00fcche, uvm!","og_url":"https:\/\/www.blueline.at\/buero4tel\/","og_site_name":"Buero4tel","article_modified_time":"2026-03-31T16:27:58+00:00","twitter_card":"summary_large_image","twitter_misc":{"Gesch\u00e4tzte Lesezeit":"1\u00a0Minute"},"schema":{"@context":"https:\/\/schema.org","@graph":[{"@type":"WebPage","@id":"https:\/\/www.blueline.at\/buero4tel\/","url":"https:\/\/www.blueline.at\/buero4tel\/","name":"Effektives Arbeiten im M\u00fchlviertel - Buero4tel","isPartOf":{"@id":"https:\/\/www.blueline.at\/buero4tel\/#website"},"datePublished":"2016-06-13T11:36:04+00:00","dateModified":"2026-03-31T16:27:58+00:00","description":"Entdecken Sie das buero4tel - die 1. Adresse f\u00fcr Unternehmer im M\u00fchlviertel! Moderne B\u00fcros, Besprechungsraum, High-Speed-Internet, Gemeinschaftsk\u00fcche, uvm!","breadcrumb":{"@id":"https:\/\/www.blueline.at\/buero4tel\/#breadcrumb"},"inLanguage":"de","potentialAction":[{"@type":"ReadAction","target":["https:\/\/www.blueline.at\/buero4tel\/"]}]},{"@type":"BreadcrumbList","@id":"https:\/\/www.blueline.at\/buero4tel\/#breadcrumb","itemListElement":[{"@type":"ListItem","position":1,"name":"Startseite","item":"https:\/\/www.blueline.at\/buero4tel\/"},{"@type":"ListItem","position":2,"name":"Effektives Arbeiten im M\u00fchlviertel"}]},{"@type":"WebSite","@id":"https:\/\/www.blueline.at\/buero4tel\/#website","url":"https:\/\/www.blueline.at\/buero4tel\/","name":"Buero4tel","description":"Moderne B\u00fcros im M\u00fchlviertel","publisher":{"@id":"https:\/\/www.blueline.at\/buero4tel\/#organization"},"potentialAction":[{"@type":"SearchAction","target":{"@type":"EntryPoint","urlTemplate":"https:\/\/www.blueline.at\/buero4tel\/?s={search_term_string}"},"query-input":{"@type":"PropertyValueSpecification","valueRequired":true,"valueName":"search_term_string"}}],"inLanguage":"de"},{"@type":"Organization","@id":"https:\/\/www.blueline.at\/buero4tel\/#organization","name":"Buero4tel","url":"https:\/\/www.blueline.at\/buero4tel\/","logo":{"@type":"ImageObject","inLanguage":"de","@id":"https:\/\/www.blueline.at\/buero4tel\/#\/schema\/logo\/image\/","url":"https:\/\/www.blueline.at\/buero4tel\/wp-content\/uploads\/2016\/06\/cropped-buero4tel-logo-1.png","contentUrl":"https:\/\/www.blueline.at\/buero4tel\/wp-content\/uploads\/2016\/06\/cropped-buero4tel-logo-1.png","width":400,"height":112,"caption":"Buero4tel"},"image":{"@id":"https:\/\/www.blueline.at\/buero4tel\/#\/schema\/logo\/image\/"}}]}},"jetpack_sharing_enabled":true,"amp_enabled":false,"_links":{"self":[{"href":"https:\/\/www.blueline.at\/buero4tel\/wp-json\/wp\/v2\/pages\/2","targetHints":{"allow":["GET"]}}],"collection":[{"href":"https:\/\/www.blueline.at\/buero4tel\/wp-json\/wp\/v2\/pages"}],"about":[{"href":"https:\/\/www.blueline.at\/buero4tel\/wp-json\/wp\/v2\/types\/page"}],"author":[{"embeddable":true,"href":"https:\/\/www.blueline.at\/buero4tel\/wp-json\/wp\/v2\/users\/1"}],"replies":[{"embeddable":true,"href":"https:\/\/www.blueline.at\/buero4tel\/wp-json\/wp\/v2\/comments?post=2"}],"version-history":[{"count":47,"href":"https:\/\/www.blueline.at\/buero4tel\/wp-json\/wp\/v2\/pages\/2\/revisions"}],"predecessor-version":[{"id":596,"href":"https:\/\/www.blueline.at\/buero4tel\/wp-json\/wp\/v2\/pages\/2\/revisions\/596"}],"wp:attachment":[{"href":"https:\/\/www.blueline.at\/buero4tel\/wp-json\/wp\/v2\/media?parent=2"}],"curies":[{"name":"wp","href":"https:\/\/api.w.org\/{rel}","templated":true}]}}