{"id":245,"date":"2016-11-10T22:19:34","date_gmt":"2016-11-10T21:19:34","guid":{"rendered":"http:\/\/www.blueline.at\/buero4tel\/?page_id=245"},"modified":"2016-12-15T23:13:30","modified_gmt":"2016-12-15T22:13:30","slug":"gemeinschaftskueche","status":"publish","type":"page","link":"https:\/\/www.blueline.at\/buero4tel\/bueros\/gemeinschaftskueche\/","title":{"rendered":"Gemeinschaftsk\u00fcche"},"content":{"rendered":"<div id=\"dslc-theme-content\"><div id=\"dslc-theme-content-inner\"><ul>\n<li class=\"wpview-selection-before\">gro\u00dfer gem\u00fctlicher Esstisch<\/li>\n<li class=\"wpview-selection-before\">Bartisch f\u00fcr den schnellen Espresso<\/li>\n<li class=\"wpview-selection-before\">K\u00fchlschrank (noch nicht gef\u00fcllt)<\/li>\n<li class=\"wpview-selection-before\">Nespresso Bar ... what else?<\/li>\n<li class=\"wpview-selection-before\">Herdplatte<\/li>\n<li class=\"wpview-selection-before\">Geschirrsp\u00fcler<\/li>\n<li class=\"wpview-selection-before\">Mikrowelle<\/li>\n<\/ul>\n<!-- Final Tiles Grid Gallery for WordPress v3.6.13 free --><style>#ftg-99 .tile .icon { color:#ffffff; }#ftg-99 .ftg-items .loading-bar i { background:#fff; }#ftg-99 .ftg-items .loading-bar { background:#fff; }#ftg-99 .tile .icon { font-size:12px; }#ftg-99 .tile .icon { margin: -6px 0 0 -6px; }#ftg-99 .tile .caption-block .text-wrapper span.text { font-size:12px; }#ftg-99 .tile .caption-outside .text-wrapper span.text { font-size:12px; }#ftg-99 .tile .caption-block .text-wrapper span.title { font-size:14px; }#ftg-99 .tile .caption-outside .text-wrapper span.title { font-size:14px; }#ftg-99 .tile { background-color: transparent; }#ftg-99 .tile .caption-block .text-wrapper span.text { color: #ffffff; }#ftg-99 .tile .caption-block .text-wrapper span.title { color: #ffffff; }#ftg-99 .tile .caption-outside .text-wrapper span.text { color: #ffffff; }#ftg-99 .tile .caption-outside .text-wrapper span.title { color: #ffffff; }#ftg-99 .tile .ftg-social a { color: #ffffff; }#ftg-99 .tile .caption-block { transition-timing-function:linear; }#ftg-99 .tile .caption-block { transition-duration:0.25s; }#ftg-99 .tile .tile-inner:before { background-color: #000000; }#ftg-99 .tile .tile-inner:before { background-color: rgba(0, 0, 0, 0.8); }#ftg-99 .tile:hover img {-moz-transform: ;-webkit-transform: ;-o-transform: ;-ms-transform: ;transform: ;}#ftg-99 .tile .icon {-moz-transition: all .5s;-webkit-transition: all .5s;-o-transition: all .5s;-ms-transition: all .5s;transition: all .5s;}#ftg-99 .tile:hover .icon {-moz-transform: rotate(360deg);-webkit-transform: rotate(360deg);-o-transform: rotate(360deg);-ms-transform: rotate(360deg);transform: rotate(360deg);}<\/style><a name=\"9\"><\/a><div class=\"final-tiles-gallery  ftg-hover-enabled caption-inside  caption-none caption-middle caption-center\" id=\"ftg-99\" style=\"width: 100%\"><div class='ftg-items'><div class='loading-bar'><i><\/i><\/div><div  class='tile ftg-preload  '><a title=\"\" data-lightbox='ftg-99' rel='ftg-99'  class=' tile-inner  ftg-lightbox' href='https:\/\/www.blueline.at\/buero4tel\/wp-content\/uploads\/2016\/11\/Gemeinschaftskueche-3.jpg' ><img alt='' class='item skip-lazy' data-class='item' data-ftg-source='http:\/\/www.blueline.at\/buero4tel\/wp-content\/uploads\/2016\/11\/Gemeinschaftskueche-3.jpg' src='http:\/\/www.blueline.at\/buero4tel\/wp-content\/uploads\/2016\/11\/Gemeinschaftskueche-3.jpg' width='533' height='800' \/><\/a><div class='ftg-social'><\/div><\/div><div  class='tile ftg-preload  '><a title=\"\" data-lightbox='ftg-99' rel='ftg-99'  class=' tile-inner  ftg-lightbox' href='https:\/\/www.blueline.at\/buero4tel\/wp-content\/uploads\/2016\/11\/Buero4tel-Gang-1-7.jpg' ><img alt='' class='item skip-lazy' data-class='item' data-ftg-source='http:\/\/www.blueline.at\/buero4tel\/wp-content\/uploads\/2016\/11\/Buero4tel-Gang-1-7.jpg' src='http:\/\/www.blueline.at\/buero4tel\/wp-content\/uploads\/2016\/11\/Buero4tel-Gang-1-7.jpg' width='533' height='800' \/><\/a><div class='ftg-social'><\/div><\/div><div  class='tile ftg-preload  '><a title=\"\" data-lightbox='ftg-99' rel='ftg-99'  class=' tile-inner  ftg-lightbox' href='https:\/\/www.blueline.at\/buero4tel\/wp-content\/uploads\/2016\/11\/Gemeinschaftskueche-2.jpg' ><img alt='' class='item skip-lazy' data-class='item' data-ftg-source='http:\/\/www.blueline.at\/buero4tel\/wp-content\/uploads\/2016\/11\/Gemeinschaftskueche-2.jpg' src='http:\/\/www.blueline.at\/buero4tel\/wp-content\/uploads\/2016\/11\/Gemeinschaftskueche-2.jpg' width='533' height='800' \/><\/a><div class='ftg-social'><\/div><\/div><div  class='tile ftg-preload  '><a title=\"\" data-lightbox='ftg-99' rel='ftg-99'  class=' tile-inner  ftg-lightbox' href='https:\/\/www.blueline.at\/buero4tel\/wp-content\/uploads\/2016\/11\/Gemeinschaftskueche-7.jpg' ><img alt='' class='item skip-lazy' data-class='item' data-ftg-source='http:\/\/www.blueline.at\/buero4tel\/wp-content\/uploads\/2016\/11\/Gemeinschaftskueche-7.jpg' src='http:\/\/www.blueline.at\/buero4tel\/wp-content\/uploads\/2016\/11\/Gemeinschaftskueche-7.jpg' width='800' height='533' \/><\/a><div class='ftg-social'><\/div><\/div><div  class='tile ftg-preload  '><a title=\"\" data-lightbox='ftg-99' rel='ftg-99'  class=' tile-inner  ftg-lightbox' href='https:\/\/www.blueline.at\/buero4tel\/wp-content\/uploads\/2016\/11\/Gemeinschaftskueche-6.jpg' ><img alt='' class='item skip-lazy' data-class='item' data-ftg-source='http:\/\/www.blueline.at\/buero4tel\/wp-content\/uploads\/2016\/11\/Gemeinschaftskueche-6.jpg' src='http:\/\/www.blueline.at\/buero4tel\/wp-content\/uploads\/2016\/11\/Gemeinschaftskueche-6.jpg' width='800' height='533' \/><\/a><div class='ftg-social'><\/div><\/div><div  class='tile ftg-preload  '><a title=\"\" data-lightbox='ftg-99' rel='ftg-99'  class=' tile-inner  ftg-lightbox' href='https:\/\/www.blueline.at\/buero4tel\/wp-content\/uploads\/2016\/11\/Gemeinschaftskueche-1.jpg' ><img alt='' class='item skip-lazy' data-class='item' data-ftg-source='http:\/\/www.blueline.at\/buero4tel\/wp-content\/uploads\/2016\/11\/Gemeinschaftskueche-1.jpg' src='http:\/\/www.blueline.at\/buero4tel\/wp-content\/uploads\/2016\/11\/Gemeinschaftskueche-1.jpg' width='800' height='533' \/><\/a><div class='ftg-social'><\/div><\/div><div  class='tile ftg-preload  '><a title=\"\" data-lightbox='ftg-99' rel='ftg-99'  class=' tile-inner  ftg-lightbox' href='https:\/\/www.blueline.at\/buero4tel\/wp-content\/uploads\/2016\/11\/Gemeinschaftskueche-5.jpg' ><img alt='' class='item skip-lazy' data-class='item' data-ftg-source='http:\/\/www.blueline.at\/buero4tel\/wp-content\/uploads\/2016\/11\/Gemeinschaftskueche-5.jpg' src='http:\/\/www.blueline.at\/buero4tel\/wp-content\/uploads\/2016\/11\/Gemeinschaftskueche-5.jpg' width='800' height='533' \/><\/a><div class='ftg-social'><\/div><\/div><div  class='tile ftg-preload  '><a title=\"\" data-lightbox='ftg-99' rel='ftg-99'  class=' tile-inner  ftg-lightbox' href='https:\/\/www.blueline.at\/buero4tel\/wp-content\/uploads\/2016\/11\/Gemeinschaftskueche-4.jpg' ><img alt='' class='item skip-lazy' data-class='item' data-ftg-source='http:\/\/www.blueline.at\/buero4tel\/wp-content\/uploads\/2016\/11\/Gemeinschaftskueche-4.jpg' src='http:\/\/www.blueline.at\/buero4tel\/wp-content\/uploads\/2016\/11\/Gemeinschaftskueche-4.jpg' width='800' height='533' \/><\/a><div class='ftg-social'><\/div><\/div><\/div><\/div>\n<\/div><\/div>","protected":false},"excerpt":{"rendered":"<p>gro\u00dfer gem\u00fctlicher Esstisch Bartisch f\u00fcr den schnellen Espresso K\u00fchlschrank (noch nicht gef\u00fcllt) Nespresso Bar ... what else? Herdplatte Geschirrsp\u00fcler Mikrowelle<\/p>\n","protected":false},"author":1,"featured_media":0,"parent":55,"menu_order":0,"comment_status":"closed","ping_status":"closed","template":"","meta":{"footnotes":""},"class_list":["post-245","page","type-page","status-publish","hentry","clearfix"],"yoast_head":"<!-- This site is optimized with the Yoast SEO plugin v27.3 - https:\/\/yoast.com\/product\/yoast-seo-wordpress\/ -->\n<title>Gemeinschaftsk\u00fcche - Buero4tel<\/title>\n<meta name=\"robots\" content=\"index, follow, max-snippet:-1, max-image-preview:large, max-video-preview:-1\" \/>\n<link rel=\"canonical\" href=\"https:\/\/www.blueline.at\/buero4tel\/bueros\/gemeinschaftskueche\/\" \/>\n<meta property=\"og:locale\" content=\"de_DE\" \/>\n<meta property=\"og:type\" content=\"article\" \/>\n<meta property=\"og:title\" content=\"Gemeinschaftsk\u00fcche - Buero4tel\" \/>\n<meta property=\"og:description\" content=\"gro\u00dfer gem\u00fctlicher Esstisch Bartisch f\u00fcr den schnellen Espresso K\u00fchlschrank (noch nicht gef\u00fcllt) Nespresso Bar ... what else? Herdplatte Geschirrsp\u00fcler Mikrowelle\" \/>\n<meta property=\"og:url\" content=\"https:\/\/www.blueline.at\/buero4tel\/bueros\/gemeinschaftskueche\/\" \/>\n<meta property=\"og:site_name\" content=\"Buero4tel\" \/>\n<meta property=\"article:modified_time\" content=\"2016-12-15T22:13:30+00:00\" \/>\n<meta name=\"twitter:card\" content=\"summary_large_image\" \/>\n<script type=\"application\/ld+json\" class=\"yoast-schema-graph\">{\"@context\":\"https:\\\/\\\/schema.org\",\"@graph\":[{\"@type\":\"WebPage\",\"@id\":\"https:\\\/\\\/www.blueline.at\\\/buero4tel\\\/bueros\\\/gemeinschaftskueche\\\/\",\"url\":\"https:\\\/\\\/www.blueline.at\\\/buero4tel\\\/bueros\\\/gemeinschaftskueche\\\/\",\"name\":\"Gemeinschaftsk\u00fcche - Buero4tel\",\"isPartOf\":{\"@id\":\"https:\\\/\\\/www.blueline.at\\\/buero4tel\\\/#website\"},\"datePublished\":\"2016-11-10T21:19:34+00:00\",\"dateModified\":\"2016-12-15T22:13:30+00:00\",\"breadcrumb\":{\"@id\":\"https:\\\/\\\/www.blueline.at\\\/buero4tel\\\/bueros\\\/gemeinschaftskueche\\\/#breadcrumb\"},\"inLanguage\":\"de\",\"potentialAction\":[{\"@type\":\"ReadAction\",\"target\":[\"https:\\\/\\\/www.blueline.at\\\/buero4tel\\\/bueros\\\/gemeinschaftskueche\\\/\"]}]},{\"@type\":\"BreadcrumbList\",\"@id\":\"https:\\\/\\\/www.blueline.at\\\/buero4tel\\\/bueros\\\/gemeinschaftskueche\\\/#breadcrumb\",\"itemListElement\":[{\"@type\":\"ListItem\",\"position\":1,\"name\":\"Startseite\",\"item\":\"https:\\\/\\\/www.blueline.at\\\/buero4tel\\\/\"},{\"@type\":\"ListItem\",\"position\":2,\"name\":\"buero4tel B\u00fcros\",\"item\":\"https:\\\/\\\/www.blueline.at\\\/buero4tel\\\/bueros\\\/\"},{\"@type\":\"ListItem\",\"position\":3,\"name\":\"Gemeinschaftsk\u00fcche\"}]},{\"@type\":\"WebSite\",\"@id\":\"https:\\\/\\\/www.blueline.at\\\/buero4tel\\\/#website\",\"url\":\"https:\\\/\\\/www.blueline.at\\\/buero4tel\\\/\",\"name\":\"Buero4tel\",\"description\":\"Moderne B\u00fcros im M\u00fchlviertel\",\"publisher\":{\"@id\":\"https:\\\/\\\/www.blueline.at\\\/buero4tel\\\/#organization\"},\"potentialAction\":[{\"@type\":\"SearchAction\",\"target\":{\"@type\":\"EntryPoint\",\"urlTemplate\":\"https:\\\/\\\/www.blueline.at\\\/buero4tel\\\/?s={search_term_string}\"},\"query-input\":{\"@type\":\"PropertyValueSpecification\",\"valueRequired\":true,\"valueName\":\"search_term_string\"}}],\"inLanguage\":\"de\"},{\"@type\":\"Organization\",\"@id\":\"https:\\\/\\\/www.blueline.at\\\/buero4tel\\\/#organization\",\"name\":\"Buero4tel\",\"url\":\"https:\\\/\\\/www.blueline.at\\\/buero4tel\\\/\",\"logo\":{\"@type\":\"ImageObject\",\"inLanguage\":\"de\",\"@id\":\"https:\\\/\\\/www.blueline.at\\\/buero4tel\\\/#\\\/schema\\\/logo\\\/image\\\/\",\"url\":\"https:\\\/\\\/www.blueline.at\\\/buero4tel\\\/wp-content\\\/uploads\\\/2016\\\/06\\\/cropped-buero4tel-logo-1.png\",\"contentUrl\":\"https:\\\/\\\/www.blueline.at\\\/buero4tel\\\/wp-content\\\/uploads\\\/2016\\\/06\\\/cropped-buero4tel-logo-1.png\",\"width\":400,\"height\":112,\"caption\":\"Buero4tel\"},\"image\":{\"@id\":\"https:\\\/\\\/www.blueline.at\\\/buero4tel\\\/#\\\/schema\\\/logo\\\/image\\\/\"}}]}<\/script>\n<!-- \/ Yoast SEO plugin. -->","yoast_head_json":{"title":"Gemeinschaftsk\u00fcche - Buero4tel","robots":{"index":"index","follow":"follow","max-snippet":"max-snippet:-1","max-image-preview":"max-image-preview:large","max-video-preview":"max-video-preview:-1"},"canonical":"https:\/\/www.blueline.at\/buero4tel\/bueros\/gemeinschaftskueche\/","og_locale":"de_DE","og_type":"article","og_title":"Gemeinschaftsk\u00fcche - Buero4tel","og_description":"gro\u00dfer gem\u00fctlicher Esstisch Bartisch f\u00fcr den schnellen Espresso K\u00fchlschrank (noch nicht gef\u00fcllt) Nespresso Bar ... what else? Herdplatte Geschirrsp\u00fcler Mikrowelle","og_url":"https:\/\/www.blueline.at\/buero4tel\/bueros\/gemeinschaftskueche\/","og_site_name":"Buero4tel","article_modified_time":"2016-12-15T22:13:30+00:00","twitter_card":"summary_large_image","schema":{"@context":"https:\/\/schema.org","@graph":[{"@type":"WebPage","@id":"https:\/\/www.blueline.at\/buero4tel\/bueros\/gemeinschaftskueche\/","url":"https:\/\/www.blueline.at\/buero4tel\/bueros\/gemeinschaftskueche\/","name":"Gemeinschaftsk\u00fcche - Buero4tel","isPartOf":{"@id":"https:\/\/www.blueline.at\/buero4tel\/#website"},"datePublished":"2016-11-10T21:19:34+00:00","dateModified":"2016-12-15T22:13:30+00:00","breadcrumb":{"@id":"https:\/\/www.blueline.at\/buero4tel\/bueros\/gemeinschaftskueche\/#breadcrumb"},"inLanguage":"de","potentialAction":[{"@type":"ReadAction","target":["https:\/\/www.blueline.at\/buero4tel\/bueros\/gemeinschaftskueche\/"]}]},{"@type":"BreadcrumbList","@id":"https:\/\/www.blueline.at\/buero4tel\/bueros\/gemeinschaftskueche\/#breadcrumb","itemListElement":[{"@type":"ListItem","position":1,"name":"Startseite","item":"https:\/\/www.blueline.at\/buero4tel\/"},{"@type":"ListItem","position":2,"name":"buero4tel B\u00fcros","item":"https:\/\/www.blueline.at\/buero4tel\/bueros\/"},{"@type":"ListItem","position":3,"name":"Gemeinschaftsk\u00fcche"}]},{"@type":"WebSite","@id":"https:\/\/www.blueline.at\/buero4tel\/#website","url":"https:\/\/www.blueline.at\/buero4tel\/","name":"Buero4tel","description":"Moderne B\u00fcros im M\u00fchlviertel","publisher":{"@id":"https:\/\/www.blueline.at\/buero4tel\/#organization"},"potentialAction":[{"@type":"SearchAction","target":{"@type":"EntryPoint","urlTemplate":"https:\/\/www.blueline.at\/buero4tel\/?s={search_term_string}"},"query-input":{"@type":"PropertyValueSpecification","valueRequired":true,"valueName":"search_term_string"}}],"inLanguage":"de"},{"@type":"Organization","@id":"https:\/\/www.blueline.at\/buero4tel\/#organization","name":"Buero4tel","url":"https:\/\/www.blueline.at\/buero4tel\/","logo":{"@type":"ImageObject","inLanguage":"de","@id":"https:\/\/www.blueline.at\/buero4tel\/#\/schema\/logo\/image\/","url":"https:\/\/www.blueline.at\/buero4tel\/wp-content\/uploads\/2016\/06\/cropped-buero4tel-logo-1.png","contentUrl":"https:\/\/www.blueline.at\/buero4tel\/wp-content\/uploads\/2016\/06\/cropped-buero4tel-logo-1.png","width":400,"height":112,"caption":"Buero4tel"},"image":{"@id":"https:\/\/www.blueline.at\/buero4tel\/#\/schema\/logo\/image\/"}}]}},"jetpack_sharing_enabled":true,"amp_enabled":true,"_links":{"self":[{"href":"https:\/\/www.blueline.at\/buero4tel\/wp-json\/wp\/v2\/pages\/245","targetHints":{"allow":["GET"]}}],"collection":[{"href":"https:\/\/www.blueline.at\/buero4tel\/wp-json\/wp\/v2\/pages"}],"about":[{"href":"https:\/\/www.blueline.at\/buero4tel\/wp-json\/wp\/v2\/types\/page"}],"author":[{"embeddable":true,"href":"https:\/\/www.blueline.at\/buero4tel\/wp-json\/wp\/v2\/users\/1"}],"replies":[{"embeddable":true,"href":"https:\/\/www.blueline.at\/buero4tel\/wp-json\/wp\/v2\/comments?post=245"}],"version-history":[{"count":10,"href":"https:\/\/www.blueline.at\/buero4tel\/wp-json\/wp\/v2\/pages\/245\/revisions"}],"predecessor-version":[{"id":447,"href":"https:\/\/www.blueline.at\/buero4tel\/wp-json\/wp\/v2\/pages\/245\/revisions\/447"}],"up":[{"embeddable":true,"href":"https:\/\/www.blueline.at\/buero4tel\/wp-json\/wp\/v2\/pages\/55"}],"wp:attachment":[{"href":"https:\/\/www.blueline.at\/buero4tel\/wp-json\/wp\/v2\/media?parent=245"}],"curies":[{"name":"wp","href":"https:\/\/api.w.org\/{rel}","templated":true}]}}