{"id":251,"date":"2016-11-10T22:28:55","date_gmt":"2016-11-10T21:28:55","guid":{"rendered":"http:\/\/www.blueline.at\/buero4tel\/?page_id=251"},"modified":"2016-12-15T23:17:46","modified_gmt":"2016-12-15T22:17:46","slug":"besprechungsraum","status":"publish","type":"page","link":"https:\/\/www.blueline.at\/buero4tel\/bueros\/besprechungsraum\/","title":{"rendered":"Besprechungsraum"},"content":{"rendered":"<div id=\"dslc-theme-content\"><div id=\"dslc-theme-content-inner\"><ul>\n<li class=\"wpview-selection-before\">Gro\u00dfer Plasmabildschirm f\u00fcr Pr\u00e4sentationen<\/li>\n<li class=\"wpview-selection-before\">Netzwerk &amp; Strom Anschluss im Tischboden versteckt<\/li>\n<li class=\"wpview-selection-before\">TOP Beleuchtungssystem<\/li>\n<li class=\"wpview-selection-before\">Ausgezeichnete Akustik<\/li>\n<\/ul>\n<!-- Final Tiles Grid Gallery for WordPress v3.6.13 free --><style>#ftg-1010 .tile .icon { color:#ffffff; }#ftg-1010 .ftg-items .loading-bar i { background:#fff; }#ftg-1010 .ftg-items .loading-bar { background:#fff; }#ftg-1010 .tile .icon { font-size:12px; }#ftg-1010 .tile .icon { margin: -6px 0 0 -6px; }#ftg-1010 .tile .caption-block .text-wrapper span.text { font-size:12px; }#ftg-1010 .tile .caption-outside .text-wrapper span.text { font-size:12px; }#ftg-1010 .tile .caption-block .text-wrapper span.title { font-size:14px; }#ftg-1010 .tile .caption-outside .text-wrapper span.title { font-size:14px; }#ftg-1010 .tile { background-color: transparent; }#ftg-1010 .tile .caption-block .text-wrapper span.text { color: #ffffff; }#ftg-1010 .tile .caption-block .text-wrapper span.title { color: #ffffff; }#ftg-1010 .tile .caption-outside .text-wrapper span.text { color: #ffffff; }#ftg-1010 .tile .caption-outside .text-wrapper span.title { color: #ffffff; }#ftg-1010 .tile .ftg-social a { color: #ffffff; }#ftg-1010 .tile .caption-block { transition-timing-function:linear; }#ftg-1010 .tile .caption-block { transition-duration:0.25s; }#ftg-1010 .tile .tile-inner:before { background-color: #000000; }#ftg-1010 .tile .tile-inner:before { background-color: rgba(0, 0, 0, 0.8); }#ftg-1010 .tile:hover img {-moz-transform: ;-webkit-transform: ;-o-transform: ;-ms-transform: ;transform: ;}#ftg-1010 .tile .icon {-moz-transition: all .5s;-webkit-transition: all .5s;-o-transition: all .5s;-ms-transition: all .5s;transition: all .5s;}#ftg-1010 .tile:hover .icon {-moz-transform: rotate(360deg);-webkit-transform: rotate(360deg);-o-transform: rotate(360deg);-ms-transform: rotate(360deg);transform: rotate(360deg);}<\/style><a name=\"10\"><\/a><div class=\"final-tiles-gallery  ftg-hover-enabled caption-inside  caption-none caption-middle caption-center\" id=\"ftg-1010\" style=\"width: 100%\"><div class='ftg-items'><div class='loading-bar'><i><\/i><\/div><div  class='tile ftg-preload  '><a title=\"\" data-lightbox='ftg-1010' rel='ftg-1010'  class=' tile-inner  ftg-lightbox' href='https:\/\/www.blueline.at\/buero4tel\/wp-content\/uploads\/2016\/12\/k-Foto-03.12.16-16-11-00-1024x377.jpg' ><img alt='' class='item skip-lazy' data-class='item' data-ftg-source='http:\/\/www.blueline.at\/buero4tel\/wp-content\/uploads\/2016\/12\/k-Foto-03.12.16-16-11-00-1024x377.jpg' src='http:\/\/www.blueline.at\/buero4tel\/wp-content\/uploads\/2016\/12\/k-Foto-03.12.16-16-11-00-1024x377.jpg' width='1024' height='377' \/><\/a><div class='ftg-social'><\/div><\/div><div  class='tile ftg-preload  '><a title=\"\" data-lightbox='ftg-1010' rel='ftg-1010'  class=' tile-inner  ftg-lightbox' href='https:\/\/www.blueline.at\/buero4tel\/wp-content\/uploads\/2016\/12\/besprechungsraum.jpg' ><img alt='' class='item skip-lazy' data-class='item' data-ftg-source='http:\/\/www.blueline.at\/buero4tel\/wp-content\/uploads\/2016\/12\/besprechungsraum.jpg' src='http:\/\/www.blueline.at\/buero4tel\/wp-content\/uploads\/2016\/12\/besprechungsraum.jpg' width='850' height='338' \/><\/a><div class='ftg-social'><\/div><\/div><div  class='tile ftg-preload  '><a title=\"\" data-lightbox='ftg-1010' rel='ftg-1010'  class=' tile-inner  ftg-lightbox' href='https:\/\/www.blueline.at\/buero4tel\/wp-content\/uploads\/2016\/11\/Besprechungsraum-2.jpg' ><img alt='' class='item skip-lazy' data-class='item' data-ftg-source='http:\/\/www.blueline.at\/buero4tel\/wp-content\/uploads\/2016\/11\/Besprechungsraum-2.jpg' src='http:\/\/www.blueline.at\/buero4tel\/wp-content\/uploads\/2016\/11\/Besprechungsraum-2.jpg' width='533' height='800' \/><\/a><div class='ftg-social'><\/div><\/div><div  class='tile ftg-preload  '><a title=\"\" data-lightbox='ftg-1010' rel='ftg-1010'  class=' tile-inner  ftg-lightbox' href='https:\/\/www.blueline.at\/buero4tel\/wp-content\/uploads\/2016\/11\/Besprechungsraum-3.jpg' ><img alt='' class='item skip-lazy' data-class='item' data-ftg-source='http:\/\/www.blueline.at\/buero4tel\/wp-content\/uploads\/2016\/11\/Besprechungsraum-3.jpg' src='http:\/\/www.blueline.at\/buero4tel\/wp-content\/uploads\/2016\/11\/Besprechungsraum-3.jpg' width='800' height='533' \/><\/a><div class='ftg-social'><\/div><\/div><div  class='tile ftg-preload  '><a title=\"\" data-lightbox='ftg-1010' rel='ftg-1010'  class=' tile-inner  ftg-lightbox' href='https:\/\/www.blueline.at\/buero4tel\/wp-content\/uploads\/2016\/11\/Besprechungsraum-5.jpg' ><img alt='' class='item skip-lazy' data-class='item' data-ftg-source='http:\/\/www.blueline.at\/buero4tel\/wp-content\/uploads\/2016\/11\/Besprechungsraum-5.jpg' src='http:\/\/www.blueline.at\/buero4tel\/wp-content\/uploads\/2016\/11\/Besprechungsraum-5.jpg' width='800' height='533' \/><\/a><div class='ftg-social'><\/div><\/div><div  class='tile ftg-preload  '><a title=\"\" data-lightbox='ftg-1010' rel='ftg-1010'  class=' tile-inner  ftg-lightbox' href='https:\/\/www.blueline.at\/buero4tel\/wp-content\/uploads\/2016\/11\/Besprechungsraum-4.jpg' ><img alt='' class='item skip-lazy' data-class='item' data-ftg-source='http:\/\/www.blueline.at\/buero4tel\/wp-content\/uploads\/2016\/11\/Besprechungsraum-4.jpg' src='http:\/\/www.blueline.at\/buero4tel\/wp-content\/uploads\/2016\/11\/Besprechungsraum-4.jpg' width='800' height='533' \/><\/a><div class='ftg-social'><\/div><\/div><div  class='tile ftg-preload  '><a title=\"\" data-lightbox='ftg-1010' rel='ftg-1010'  class=' tile-inner  ftg-lightbox' href='https:\/\/www.blueline.at\/buero4tel\/wp-content\/uploads\/2016\/11\/Besprechungsraum-7.jpg' ><img alt='' class='item skip-lazy' data-class='item' data-ftg-source='http:\/\/www.blueline.at\/buero4tel\/wp-content\/uploads\/2016\/11\/Besprechungsraum-7.jpg' src='http:\/\/www.blueline.at\/buero4tel\/wp-content\/uploads\/2016\/11\/Besprechungsraum-7.jpg' width='800' height='533' \/><\/a><div class='ftg-social'><\/div><\/div><div  class='tile ftg-preload  '><a title=\"\" data-lightbox='ftg-1010' rel='ftg-1010'  class=' tile-inner  ftg-lightbox' href='https:\/\/www.blueline.at\/buero4tel\/wp-content\/uploads\/2016\/11\/Besprechungsraum-9.jpg' ><img alt='' class='item skip-lazy' data-class='item' data-ftg-source='http:\/\/www.blueline.at\/buero4tel\/wp-content\/uploads\/2016\/11\/Besprechungsraum-9.jpg' src='http:\/\/www.blueline.at\/buero4tel\/wp-content\/uploads\/2016\/11\/Besprechungsraum-9.jpg' width='533' height='800' \/><\/a><div class='ftg-social'><\/div><\/div><div  class='tile ftg-preload  '><a title=\"\" data-lightbox='ftg-1010' rel='ftg-1010'  class=' tile-inner  ftg-lightbox' href='https:\/\/www.blueline.at\/buero4tel\/wp-content\/uploads\/2016\/12\/k-Foto-03.12.16-16-11-55-768x1024.jpg' ><img alt='' class='item skip-lazy' data-class='item' data-ftg-source='http:\/\/www.blueline.at\/buero4tel\/wp-content\/uploads\/2016\/12\/k-Foto-03.12.16-16-11-55-768x1024.jpg' src='http:\/\/www.blueline.at\/buero4tel\/wp-content\/uploads\/2016\/12\/k-Foto-03.12.16-16-11-55-768x1024.jpg' width='768' height='1024' \/><\/a><div class='ftg-social'><\/div><\/div><\/div><\/div>\n<p>&nbsp;<\/p>\n<\/div><\/div>","protected":false},"excerpt":{"rendered":"<p>Gro\u00dfer Plasmabildschirm f\u00fcr Pr\u00e4sentationen Netzwerk &amp; Strom Anschluss im Tischboden versteckt TOP Beleuchtungssystem Ausgezeichnete Akustik &nbsp;<\/p>\n","protected":false},"author":1,"featured_media":0,"parent":55,"menu_order":0,"comment_status":"closed","ping_status":"closed","template":"","meta":{"footnotes":""},"class_list":["post-251","page","type-page","status-publish","hentry","clearfix"],"yoast_head":"<!-- This site is optimized with the Yoast SEO plugin v27.3 - https:\/\/yoast.com\/product\/yoast-seo-wordpress\/ -->\n<title>Besprechungsraum - Buero4tel<\/title>\n<meta name=\"robots\" content=\"index, follow, max-snippet:-1, max-image-preview:large, max-video-preview:-1\" \/>\n<link rel=\"canonical\" href=\"https:\/\/www.blueline.at\/buero4tel\/bueros\/besprechungsraum\/\" \/>\n<meta property=\"og:locale\" content=\"de_DE\" \/>\n<meta property=\"og:type\" content=\"article\" \/>\n<meta property=\"og:title\" content=\"Besprechungsraum - Buero4tel\" \/>\n<meta property=\"og:description\" content=\"Gro\u00dfer Plasmabildschirm f\u00fcr Pr\u00e4sentationen Netzwerk &amp; Strom Anschluss im Tischboden versteckt TOP Beleuchtungssystem Ausgezeichnete Akustik &nbsp;\" \/>\n<meta property=\"og:url\" content=\"https:\/\/www.blueline.at\/buero4tel\/bueros\/besprechungsraum\/\" \/>\n<meta property=\"og:site_name\" content=\"Buero4tel\" \/>\n<meta property=\"article:modified_time\" content=\"2016-12-15T22:17:46+00:00\" \/>\n<meta name=\"twitter:card\" content=\"summary_large_image\" \/>\n<script type=\"application\/ld+json\" class=\"yoast-schema-graph\">{\"@context\":\"https:\\\/\\\/schema.org\",\"@graph\":[{\"@type\":\"WebPage\",\"@id\":\"https:\\\/\\\/www.blueline.at\\\/buero4tel\\\/bueros\\\/besprechungsraum\\\/\",\"url\":\"https:\\\/\\\/www.blueline.at\\\/buero4tel\\\/bueros\\\/besprechungsraum\\\/\",\"name\":\"Besprechungsraum - Buero4tel\",\"isPartOf\":{\"@id\":\"https:\\\/\\\/www.blueline.at\\\/buero4tel\\\/#website\"},\"datePublished\":\"2016-11-10T21:28:55+00:00\",\"dateModified\":\"2016-12-15T22:17:46+00:00\",\"breadcrumb\":{\"@id\":\"https:\\\/\\\/www.blueline.at\\\/buero4tel\\\/bueros\\\/besprechungsraum\\\/#breadcrumb\"},\"inLanguage\":\"de\",\"potentialAction\":[{\"@type\":\"ReadAction\",\"target\":[\"https:\\\/\\\/www.blueline.at\\\/buero4tel\\\/bueros\\\/besprechungsraum\\\/\"]}]},{\"@type\":\"BreadcrumbList\",\"@id\":\"https:\\\/\\\/www.blueline.at\\\/buero4tel\\\/bueros\\\/besprechungsraum\\\/#breadcrumb\",\"itemListElement\":[{\"@type\":\"ListItem\",\"position\":1,\"name\":\"Startseite\",\"item\":\"https:\\\/\\\/www.blueline.at\\\/buero4tel\\\/\"},{\"@type\":\"ListItem\",\"position\":2,\"name\":\"buero4tel B\u00fcros\",\"item\":\"https:\\\/\\\/www.blueline.at\\\/buero4tel\\\/bueros\\\/\"},{\"@type\":\"ListItem\",\"position\":3,\"name\":\"Besprechungsraum\"}]},{\"@type\":\"WebSite\",\"@id\":\"https:\\\/\\\/www.blueline.at\\\/buero4tel\\\/#website\",\"url\":\"https:\\\/\\\/www.blueline.at\\\/buero4tel\\\/\",\"name\":\"Buero4tel\",\"description\":\"Moderne B\u00fcros im M\u00fchlviertel\",\"publisher\":{\"@id\":\"https:\\\/\\\/www.blueline.at\\\/buero4tel\\\/#organization\"},\"potentialAction\":[{\"@type\":\"SearchAction\",\"target\":{\"@type\":\"EntryPoint\",\"urlTemplate\":\"https:\\\/\\\/www.blueline.at\\\/buero4tel\\\/?s={search_term_string}\"},\"query-input\":{\"@type\":\"PropertyValueSpecification\",\"valueRequired\":true,\"valueName\":\"search_term_string\"}}],\"inLanguage\":\"de\"},{\"@type\":\"Organization\",\"@id\":\"https:\\\/\\\/www.blueline.at\\\/buero4tel\\\/#organization\",\"name\":\"Buero4tel\",\"url\":\"https:\\\/\\\/www.blueline.at\\\/buero4tel\\\/\",\"logo\":{\"@type\":\"ImageObject\",\"inLanguage\":\"de\",\"@id\":\"https:\\\/\\\/www.blueline.at\\\/buero4tel\\\/#\\\/schema\\\/logo\\\/image\\\/\",\"url\":\"https:\\\/\\\/www.blueline.at\\\/buero4tel\\\/wp-content\\\/uploads\\\/2016\\\/06\\\/cropped-buero4tel-logo-1.png\",\"contentUrl\":\"https:\\\/\\\/www.blueline.at\\\/buero4tel\\\/wp-content\\\/uploads\\\/2016\\\/06\\\/cropped-buero4tel-logo-1.png\",\"width\":400,\"height\":112,\"caption\":\"Buero4tel\"},\"image\":{\"@id\":\"https:\\\/\\\/www.blueline.at\\\/buero4tel\\\/#\\\/schema\\\/logo\\\/image\\\/\"}}]}<\/script>\n<!-- \/ Yoast SEO plugin. -->","yoast_head_json":{"title":"Besprechungsraum - Buero4tel","robots":{"index":"index","follow":"follow","max-snippet":"max-snippet:-1","max-image-preview":"max-image-preview:large","max-video-preview":"max-video-preview:-1"},"canonical":"https:\/\/www.blueline.at\/buero4tel\/bueros\/besprechungsraum\/","og_locale":"de_DE","og_type":"article","og_title":"Besprechungsraum - Buero4tel","og_description":"Gro\u00dfer Plasmabildschirm f\u00fcr Pr\u00e4sentationen Netzwerk &amp; Strom Anschluss im Tischboden versteckt TOP Beleuchtungssystem Ausgezeichnete Akustik &nbsp;","og_url":"https:\/\/www.blueline.at\/buero4tel\/bueros\/besprechungsraum\/","og_site_name":"Buero4tel","article_modified_time":"2016-12-15T22:17:46+00:00","twitter_card":"summary_large_image","schema":{"@context":"https:\/\/schema.org","@graph":[{"@type":"WebPage","@id":"https:\/\/www.blueline.at\/buero4tel\/bueros\/besprechungsraum\/","url":"https:\/\/www.blueline.at\/buero4tel\/bueros\/besprechungsraum\/","name":"Besprechungsraum - Buero4tel","isPartOf":{"@id":"https:\/\/www.blueline.at\/buero4tel\/#website"},"datePublished":"2016-11-10T21:28:55+00:00","dateModified":"2016-12-15T22:17:46+00:00","breadcrumb":{"@id":"https:\/\/www.blueline.at\/buero4tel\/bueros\/besprechungsraum\/#breadcrumb"},"inLanguage":"de","potentialAction":[{"@type":"ReadAction","target":["https:\/\/www.blueline.at\/buero4tel\/bueros\/besprechungsraum\/"]}]},{"@type":"BreadcrumbList","@id":"https:\/\/www.blueline.at\/buero4tel\/bueros\/besprechungsraum\/#breadcrumb","itemListElement":[{"@type":"ListItem","position":1,"name":"Startseite","item":"https:\/\/www.blueline.at\/buero4tel\/"},{"@type":"ListItem","position":2,"name":"buero4tel B\u00fcros","item":"https:\/\/www.blueline.at\/buero4tel\/bueros\/"},{"@type":"ListItem","position":3,"name":"Besprechungsraum"}]},{"@type":"WebSite","@id":"https:\/\/www.blueline.at\/buero4tel\/#website","url":"https:\/\/www.blueline.at\/buero4tel\/","name":"Buero4tel","description":"Moderne B\u00fcros im M\u00fchlviertel","publisher":{"@id":"https:\/\/www.blueline.at\/buero4tel\/#organization"},"potentialAction":[{"@type":"SearchAction","target":{"@type":"EntryPoint","urlTemplate":"https:\/\/www.blueline.at\/buero4tel\/?s={search_term_string}"},"query-input":{"@type":"PropertyValueSpecification","valueRequired":true,"valueName":"search_term_string"}}],"inLanguage":"de"},{"@type":"Organization","@id":"https:\/\/www.blueline.at\/buero4tel\/#organization","name":"Buero4tel","url":"https:\/\/www.blueline.at\/buero4tel\/","logo":{"@type":"ImageObject","inLanguage":"de","@id":"https:\/\/www.blueline.at\/buero4tel\/#\/schema\/logo\/image\/","url":"https:\/\/www.blueline.at\/buero4tel\/wp-content\/uploads\/2016\/06\/cropped-buero4tel-logo-1.png","contentUrl":"https:\/\/www.blueline.at\/buero4tel\/wp-content\/uploads\/2016\/06\/cropped-buero4tel-logo-1.png","width":400,"height":112,"caption":"Buero4tel"},"image":{"@id":"https:\/\/www.blueline.at\/buero4tel\/#\/schema\/logo\/image\/"}}]}},"jetpack_sharing_enabled":true,"amp_enabled":true,"_links":{"self":[{"href":"https:\/\/www.blueline.at\/buero4tel\/wp-json\/wp\/v2\/pages\/251","targetHints":{"allow":["GET"]}}],"collection":[{"href":"https:\/\/www.blueline.at\/buero4tel\/wp-json\/wp\/v2\/pages"}],"about":[{"href":"https:\/\/www.blueline.at\/buero4tel\/wp-json\/wp\/v2\/types\/page"}],"author":[{"embeddable":true,"href":"https:\/\/www.blueline.at\/buero4tel\/wp-json\/wp\/v2\/users\/1"}],"replies":[{"embeddable":true,"href":"https:\/\/www.blueline.at\/buero4tel\/wp-json\/wp\/v2\/comments?post=251"}],"version-history":[{"count":3,"href":"https:\/\/www.blueline.at\/buero4tel\/wp-json\/wp\/v2\/pages\/251\/revisions"}],"predecessor-version":[{"id":448,"href":"https:\/\/www.blueline.at\/buero4tel\/wp-json\/wp\/v2\/pages\/251\/revisions\/448"}],"up":[{"embeddable":true,"href":"https:\/\/www.blueline.at\/buero4tel\/wp-json\/wp\/v2\/pages\/55"}],"wp:attachment":[{"href":"https:\/\/www.blueline.at\/buero4tel\/wp-json\/wp\/v2\/media?parent=251"}],"curies":[{"name":"wp","href":"https:\/\/api.w.org\/{rel}","templated":true}]}}