{"id":27,"date":"2015-07-08T16:39:23","date_gmt":"2015-07-08T14:39:23","guid":{"rendered":"http:\/\/www.blueline.at\/wp\/?page_id=27"},"modified":"2024-03-26T18:50:32","modified_gmt":"2024-03-26T17:50:32","slug":"hardware","status":"publish","type":"page","link":"https:\/\/www.blueline.at\/wp\/hardware\/","title":{"rendered":"HARDWARE"},"content":{"rendered":"<div id=\"c201\" class=\"csc-frame csc-frame-rulerAfter\">\n<div class=\"csc-textpic csc-textpic-intext-right\">\n<div class=\"csc-textpic-text\">\n<h2>Ein unkomplizierter Arbeitsplatz, ganz nach Ihren Vorstellungen.<\/h2>\n<p>Wir konfigurieren Ihre PC-Systeme individuell und sorgen f\u00fcr die reibungslose Funkionalit\u00e4t aller Kabel &amp; Ger\u00e4te in Ihrem B\u00fcro. Um die Langlebigkeit unserer Produkte zu gew\u00e4hrleisten, arbeiten wir ausschlie\u00dflich mit hochwertigen Produkten.<\/p>\n<p>Sagen Sie uns was Sie m\u00f6chten, wir schlagen Ihnen vor, welche L\u00f6sung f\u00fcr Sie ideal ist:<\/p>\n<ul>\n<li><strong>Notebooks<\/strong> f\u00fcr jeden Anwendungsbereich<\/li>\n<li><strong>PC-Systeme<\/strong> von namhaften Herstellern<\/li>\n<li>Hochaufl\u00f6sende <strong>Monitore<\/strong><\/li>\n<li>Langlebige <strong>Drucker<\/strong><\/li>\n<li>Praktische <strong>Tablets<\/strong><\/li>\n<li>Kabelmaterial (Displayportkabel, HDMI,&#8230;)<\/li>\n<li>Alle Produkte rund um Ihr <strong>Netzwerk<\/strong> (Router, Stecker, &#8230;)<\/li>\n<li>PC Komponenten (Maus, Tastatur, SSD,&#8230;)<\/li>\n<li>Die passende <strong>Software<\/strong> (Windows, Office, Antivirus usw.)<\/li>\n<\/ul>\n<p>Vor Ort erhalten Sie unsere Produkte sofort im hauseigenen Lager. Diese sind ohne Wartezeit oder Beschaffungskosten f\u00fcr Sie verf\u00fcgbar.<\/p>\n<p><a class=\"mb-button mb-style-traditional mb-size-default mb-corners-default mb-text-style-default \" style=\"background-color: #070852;\" href=\"mailto:office@blueline.at?subject=Anfrage Hardware\">Individuelle Hardware Anfrage<\/a><\/p>\n<p>[huge_it_portfolio id=&#8220;3&#8243;]<\/p>\n<\/div>\n<\/div>\n<\/div>\n","protected":false},"excerpt":{"rendered":"<p>Ein unkomplizierter Arbeitsplatz, ganz nach Ihren Vorstellungen. Wir konfigurieren Ihre PC-Systeme individuell und sorgen f\u00fcr die reibungslose Funkionalit\u00e4t aller Kabel &amp; Ger\u00e4te in Ihrem B\u00fcro. Um die Langlebigkeit unserer Produkte zu gew\u00e4hrleisten, arbeiten wir ausschlie\u00dflich mit hochwertigen Produkten. Sagen Sie uns was Sie m\u00f6chten, wir schlagen Ihnen vor, welche L\u00f6sung f\u00fcr Sie ideal ist: Notebooks [&hellip;]<\/p>\n","protected":false},"author":1,"featured_media":54,"parent":0,"menu_order":3,"comment_status":"closed","ping_status":"closed","template":"","meta":{"footnotes":""},"class_list":["post-27","page","type-page","status-publish","has-post-thumbnail","hentry"],"yoast_head":"<!-- This site is optimized with the Yoast SEO plugin v27.6 - https:\/\/yoast.com\/product\/yoast-seo-wordpress\/ -->\n<title>Hardware &amp; Komponenten - BLUELINE<\/title>\n<meta name=\"description\" content=\"Sie suchen nach der geigneten Hardware f\u00fcr Ihr Unternehmen? Bei Blueline finden Sie hochwertige Hardware Komponenten zum fairen Preis!\" \/>\n<meta name=\"robots\" content=\"index, follow, max-snippet:-1, max-image-preview:large, max-video-preview:-1\" \/>\n<link rel=\"canonical\" href=\"https:\/\/www.blueline.at\/wp\/hardware\/\" \/>\n<meta property=\"og:locale\" content=\"de_DE\" \/>\n<meta property=\"og:type\" content=\"article\" \/>\n<meta property=\"og:title\" content=\"Hardware &amp; Komponenten - BLUELINE\" \/>\n<meta property=\"og:description\" content=\"Sie suchen nach der geigneten Hardware f\u00fcr Ihr Unternehmen? Bei Blueline finden Sie hochwertige Hardware Komponenten zum fairen Preis!\" \/>\n<meta property=\"og:url\" content=\"https:\/\/www.blueline.at\/wp\/hardware\/\" \/>\n<meta property=\"og:site_name\" content=\"BLUELINE Computer\" \/>\n<meta property=\"article:modified_time\" content=\"2024-03-26T17:50:32+00:00\" \/>\n<meta property=\"og:image\" content=\"https:\/\/www.blueline.at\/wp\/wp-content\/uploads\/2015\/07\/header1.jpg\" \/>\n\t<meta property=\"og:image:width\" content=\"1600\" \/>\n\t<meta property=\"og:image:height\" content=\"440\" \/>\n\t<meta property=\"og:image:type\" content=\"image\/jpeg\" \/>\n<meta name=\"twitter:card\" content=\"summary_large_image\" \/>\n<meta name=\"twitter:label1\" content=\"Gesch\u00e4tzte Lesezeit\" \/>\n\t<meta name=\"twitter:data1\" content=\"1\u00a0Minute\" \/>\n<script type=\"application\/ld+json\" class=\"yoast-schema-graph\">{\"@context\":\"https:\\\/\\\/schema.org\",\"@graph\":[{\"@type\":\"WebPage\",\"@id\":\"https:\\\/\\\/www.blueline.at\\\/wp\\\/hardware\\\/\",\"url\":\"https:\\\/\\\/www.blueline.at\\\/wp\\\/hardware\\\/\",\"name\":\"Hardware & Komponenten - BLUELINE\",\"isPartOf\":{\"@id\":\"https:\\\/\\\/www.blueline.at\\\/wp\\\/#website\"},\"primaryImageOfPage\":{\"@id\":\"https:\\\/\\\/www.blueline.at\\\/wp\\\/hardware\\\/#primaryimage\"},\"image\":{\"@id\":\"https:\\\/\\\/www.blueline.at\\\/wp\\\/hardware\\\/#primaryimage\"},\"thumbnailUrl\":\"https:\\\/\\\/www.blueline.at\\\/wp\\\/wp-content\\\/uploads\\\/2015\\\/07\\\/header1.jpg\",\"datePublished\":\"2015-07-08T14:39:23+00:00\",\"dateModified\":\"2024-03-26T17:50:32+00:00\",\"description\":\"Sie suchen nach der geigneten Hardware f\u00fcr Ihr Unternehmen? Bei Blueline finden Sie hochwertige Hardware Komponenten zum fairen Preis!\",\"breadcrumb\":{\"@id\":\"https:\\\/\\\/www.blueline.at\\\/wp\\\/hardware\\\/#breadcrumb\"},\"inLanguage\":\"de\",\"potentialAction\":[{\"@type\":\"ReadAction\",\"target\":[\"https:\\\/\\\/www.blueline.at\\\/wp\\\/hardware\\\/\"]}]},{\"@type\":\"ImageObject\",\"inLanguage\":\"de\",\"@id\":\"https:\\\/\\\/www.blueline.at\\\/wp\\\/hardware\\\/#primaryimage\",\"url\":\"https:\\\/\\\/www.blueline.at\\\/wp\\\/wp-content\\\/uploads\\\/2015\\\/07\\\/header1.jpg\",\"contentUrl\":\"https:\\\/\\\/www.blueline.at\\\/wp\\\/wp-content\\\/uploads\\\/2015\\\/07\\\/header1.jpg\",\"width\":1600,\"height\":440},{\"@type\":\"BreadcrumbList\",\"@id\":\"https:\\\/\\\/www.blueline.at\\\/wp\\\/hardware\\\/#breadcrumb\",\"itemListElement\":[{\"@type\":\"ListItem\",\"position\":1,\"name\":\"Home\",\"item\":\"https:\\\/\\\/www.blueline.at\\\/wp\\\/\"},{\"@type\":\"ListItem\",\"position\":2,\"name\":\"HARDWARE\"}]},{\"@type\":\"WebSite\",\"@id\":\"https:\\\/\\\/www.blueline.at\\\/wp\\\/#website\",\"url\":\"https:\\\/\\\/www.blueline.at\\\/wp\\\/\",\"name\":\"BLUELINE Computer\",\"description\":\"Since 2000\",\"potentialAction\":[{\"@type\":\"SearchAction\",\"target\":{\"@type\":\"EntryPoint\",\"urlTemplate\":\"https:\\\/\\\/www.blueline.at\\\/wp\\\/?s={search_term_string}\"},\"query-input\":{\"@type\":\"PropertyValueSpecification\",\"valueRequired\":true,\"valueName\":\"search_term_string\"}}],\"inLanguage\":\"de\"}]}<\/script>\n<!-- \/ Yoast SEO plugin. -->","yoast_head_json":{"title":"Hardware & Komponenten - BLUELINE","description":"Sie suchen nach der geigneten Hardware f\u00fcr Ihr Unternehmen? Bei Blueline finden Sie hochwertige Hardware Komponenten zum fairen Preis!","robots":{"index":"index","follow":"follow","max-snippet":"max-snippet:-1","max-image-preview":"max-image-preview:large","max-video-preview":"max-video-preview:-1"},"canonical":"https:\/\/www.blueline.at\/wp\/hardware\/","og_locale":"de_DE","og_type":"article","og_title":"Hardware & Komponenten - BLUELINE","og_description":"Sie suchen nach der geigneten Hardware f\u00fcr Ihr Unternehmen? Bei Blueline finden Sie hochwertige Hardware Komponenten zum fairen Preis!","og_url":"https:\/\/www.blueline.at\/wp\/hardware\/","og_site_name":"BLUELINE Computer","article_modified_time":"2024-03-26T17:50:32+00:00","og_image":[{"width":1600,"height":440,"url":"https:\/\/www.blueline.at\/wp\/wp-content\/uploads\/2015\/07\/header1.jpg","type":"image\/jpeg"}],"twitter_card":"summary_large_image","twitter_misc":{"Gesch\u00e4tzte Lesezeit":"1\u00a0Minute"},"schema":{"@context":"https:\/\/schema.org","@graph":[{"@type":"WebPage","@id":"https:\/\/www.blueline.at\/wp\/hardware\/","url":"https:\/\/www.blueline.at\/wp\/hardware\/","name":"Hardware & Komponenten - BLUELINE","isPartOf":{"@id":"https:\/\/www.blueline.at\/wp\/#website"},"primaryImageOfPage":{"@id":"https:\/\/www.blueline.at\/wp\/hardware\/#primaryimage"},"image":{"@id":"https:\/\/www.blueline.at\/wp\/hardware\/#primaryimage"},"thumbnailUrl":"https:\/\/www.blueline.at\/wp\/wp-content\/uploads\/2015\/07\/header1.jpg","datePublished":"2015-07-08T14:39:23+00:00","dateModified":"2024-03-26T17:50:32+00:00","description":"Sie suchen nach der geigneten Hardware f\u00fcr Ihr Unternehmen? Bei Blueline finden Sie hochwertige Hardware Komponenten zum fairen Preis!","breadcrumb":{"@id":"https:\/\/www.blueline.at\/wp\/hardware\/#breadcrumb"},"inLanguage":"de","potentialAction":[{"@type":"ReadAction","target":["https:\/\/www.blueline.at\/wp\/hardware\/"]}]},{"@type":"ImageObject","inLanguage":"de","@id":"https:\/\/www.blueline.at\/wp\/hardware\/#primaryimage","url":"https:\/\/www.blueline.at\/wp\/wp-content\/uploads\/2015\/07\/header1.jpg","contentUrl":"https:\/\/www.blueline.at\/wp\/wp-content\/uploads\/2015\/07\/header1.jpg","width":1600,"height":440},{"@type":"BreadcrumbList","@id":"https:\/\/www.blueline.at\/wp\/hardware\/#breadcrumb","itemListElement":[{"@type":"ListItem","position":1,"name":"Home","item":"https:\/\/www.blueline.at\/wp\/"},{"@type":"ListItem","position":2,"name":"HARDWARE"}]},{"@type":"WebSite","@id":"https:\/\/www.blueline.at\/wp\/#website","url":"https:\/\/www.blueline.at\/wp\/","name":"BLUELINE Computer","description":"Since 2000","potentialAction":[{"@type":"SearchAction","target":{"@type":"EntryPoint","urlTemplate":"https:\/\/www.blueline.at\/wp\/?s={search_term_string}"},"query-input":{"@type":"PropertyValueSpecification","valueRequired":true,"valueName":"search_term_string"}}],"inLanguage":"de"}]}},"_links":{"self":[{"href":"https:\/\/www.blueline.at\/wp\/wp-json\/wp\/v2\/pages\/27","targetHints":{"allow":["GET"]}}],"collection":[{"href":"https:\/\/www.blueline.at\/wp\/wp-json\/wp\/v2\/pages"}],"about":[{"href":"https:\/\/www.blueline.at\/wp\/wp-json\/wp\/v2\/types\/page"}],"author":[{"embeddable":true,"href":"https:\/\/www.blueline.at\/wp\/wp-json\/wp\/v2\/users\/1"}],"replies":[{"embeddable":true,"href":"https:\/\/www.blueline.at\/wp\/wp-json\/wp\/v2\/comments?post=27"}],"version-history":[{"count":21,"href":"https:\/\/www.blueline.at\/wp\/wp-json\/wp\/v2\/pages\/27\/revisions"}],"predecessor-version":[{"id":789,"href":"https:\/\/www.blueline.at\/wp\/wp-json\/wp\/v2\/pages\/27\/revisions\/789"}],"wp:featuredmedia":[{"embeddable":true,"href":"https:\/\/www.blueline.at\/wp\/wp-json\/wp\/v2\/media\/54"}],"wp:attachment":[{"href":"https:\/\/www.blueline.at\/wp\/wp-json\/wp\/v2\/media?parent=27"}],"curies":[{"name":"wp","href":"https:\/\/api.w.org\/{rel}","templated":true}]}}